{"id":668,"date":"2026-03-11T17:40:00","date_gmt":"2026-03-11T17:40:00","guid":{"rendered":"https:\/\/chateautoursthonore.dev2pub.com\/?page_id=668"},"modified":"2026-03-17T14:53:29","modified_gmt":"2026-03-17T14:53:29","slug":"mentions-legales","status":"publish","type":"page","link":"https:\/\/chateautoursthonore.dev2pub.com\/index.php\/mentions-legales\/","title":{"rendered":"Mentions l\u00e9gales"},"content":{"rendered":"\t\t<div data-elementor-type=\"wp-page\" data-elementor-id=\"668\" class=\"elementor elementor-668\" data-elementor-post-type=\"page\">\n\t\t\t\t<div class=\"elementor-element elementor-element-ab4b564 e-flex e-con-boxed e-con e-parent\" data-id=\"ab4b564\" data-element_type=\"container\" data-e-type=\"container\">\n\t\t\t\t\t<div class=\"e-con-inner\">\n\t\t\t\t<div class=\"elementor-element elementor-element-392a40f elementor-widget elementor-widget-heading\" data-id=\"392a40f\" data-element_type=\"widget\" data-e-type=\"widget\" data-widget_type=\"heading.default\">\n\t\t\t\t\t<h2 class=\"elementor-heading-title elementor-size-default\">Mentions l\u00e9gales<\/h2>\t\t\t\t<\/div>\n\t\t\t\t\t<\/div>\n\t\t\t\t<\/div>\n\t\t<div class=\"elementor-element elementor-element-6d149f9 e-flex e-con-boxed e-con e-parent\" data-id=\"6d149f9\" data-element_type=\"container\" data-e-type=\"container\">\n\t\t\t\t\t<div class=\"e-con-inner\">\n\t\t\t\t<div class=\"elementor-element elementor-element-76c27bb elementor-widget elementor-widget-heading\" data-id=\"76c27bb\" data-element_type=\"widget\" data-e-type=\"widget\" data-widget_type=\"heading.default\">\n\t\t\t\t\t<h2 class=\"elementor-heading-title elementor-size-default\">\u00c9diteur du site<\/h2>\t\t\t\t<\/div>\n\t\t\t\t<div class=\"elementor-element elementor-element-a9268e7 elementor-widget elementor-widget-text-editor\" data-id=\"a9268e7\" data-element_type=\"widget\" data-e-type=\"widget\" data-widget_type=\"text-editor.default\">\n\t\t\t\t\t\t\t\t\t<p>Le pr\u00e9sent site est \u00e9dit\u00e9 par :<\/p>\n<p>LA TOUR SAINT HONORE<br>SASU<\/p>\n<p>Si\u00e8ge social :<br>602 Chemin du Bas Pansard<br>83250 La Londe-les-Maures \u2013 France<\/p>\n<p>SIRET : 520 704 404 00026<br>RCS : Toulon<\/p><p>TVA intracom : FR04 520704404<\/p>\n<p>Email : contact@chateautsh.fr<\/p>\n<p>Directeur de la publication :<br>La direction de LA TOUR SAINT HONORE<\/p>\t\t\t\t\t\t\t\t<\/div>\n\t\t\t\t\t<\/div>\n\t\t\t\t<\/div>\n\t\t<div class=\"elementor-element elementor-element-5361db3 e-flex e-con-boxed e-con e-parent\" data-id=\"5361db3\" data-element_type=\"container\" data-e-type=\"container\">\n\t\t\t\t\t<div class=\"e-con-inner\">\n\t\t\t\t<div class=\"elementor-element elementor-element-233e37a elementor-widget elementor-widget-heading\" data-id=\"233e37a\" data-element_type=\"widget\" data-e-type=\"widget\" data-widget_type=\"heading.default\">\n\t\t\t\t\t<h2 class=\"elementor-heading-title elementor-size-default\">h\u00e9bergement<\/h2>\t\t\t\t<\/div>\n\t\t\t\t<div class=\"elementor-element elementor-element-950abe9 elementor-widget elementor-widget-text-editor\" data-id=\"950abe9\" data-element_type=\"widget\" data-e-type=\"widget\" data-widget_type=\"text-editor.default\">\n\t\t\t\t\t\t\t\t\t<p>H\u00e9bergement :<br \/>o2switch<br \/>Chemin des Pardiaux<br \/>63000 Clermont-Ferrand<br \/>France<br \/>Site : https:\/\/www.o2switch.fr<\/p><p>T\u00e9l\u00e9phone : 04 44 44 60 40<\/p>\t\t\t\t\t\t\t\t<\/div>\n\t\t\t\t\t<\/div>\n\t\t\t\t<\/div>\n\t\t<div class=\"elementor-element elementor-element-0e73888 e-flex e-con-boxed e-con e-parent\" data-id=\"0e73888\" data-element_type=\"container\" data-e-type=\"container\">\n\t\t\t\t\t<div class=\"e-con-inner\">\n\t\t\t\t<div class=\"elementor-element elementor-element-dee8e66 elementor-widget elementor-widget-heading\" data-id=\"dee8e66\" data-element_type=\"widget\" data-e-type=\"widget\" data-widget_type=\"heading.default\">\n\t\t\t\t\t<h2 class=\"elementor-heading-title elementor-size-default\">Propri\u00e9t\u00e9 intellectuelle<\/h2>\t\t\t\t<\/div>\n\t\t\t\t<div class=\"elementor-element elementor-element-d84fa27 elementor-widget elementor-widget-text-editor\" data-id=\"d84fa27\" data-element_type=\"widget\" data-e-type=\"widget\" data-widget_type=\"text-editor.default\">\n\t\t\t\t\t\t\t\t\t<p>L\u2019ensemble du contenu pr\u00e9sent sur ce site (textes, images, graphismes, logo, vid\u00e9os, etc.) est la propri\u00e9t\u00e9 exclusive de Ch\u00e2teau Tour Saint Honor\u00e9, sauf mention contraire.<\/p><p>Toute reproduction, distribution, modification ou utilisation de ces \u00e9l\u00e9ments sans autorisation pr\u00e9alable est interdite.<\/p>\t\t\t\t\t\t\t\t<\/div>\n\t\t\t\t\t<\/div>\n\t\t\t\t<\/div>\n\t\t<div class=\"elementor-element elementor-element-f590bcd e-flex e-con-boxed e-con e-parent\" data-id=\"f590bcd\" data-element_type=\"container\" data-e-type=\"container\">\n\t\t\t\t\t<div class=\"e-con-inner\">\n\t\t\t\t<div class=\"elementor-element elementor-element-3a4dbd0 elementor-widget elementor-widget-heading\" data-id=\"3a4dbd0\" data-element_type=\"widget\" data-e-type=\"widget\" data-widget_type=\"heading.default\">\n\t\t\t\t\t<h2 class=\"elementor-heading-title elementor-size-default\">Donn\u00e9es personnelles<\/h2>\t\t\t\t<\/div>\n\t\t\t\t<div class=\"elementor-element elementor-element-09df0d5 elementor-widget elementor-widget-text-editor\" data-id=\"09df0d5\" data-element_type=\"widget\" data-e-type=\"widget\" data-widget_type=\"text-editor.default\">\n\t\t\t\t\t\t\t\t\t<p>Les donn\u00e9es personnelles collect\u00e9es sur ce site sont trait\u00e9es conform\u00e9ment \u00e0 la politique de confidentialit\u00e9 disponible sur le site.<\/p><p>Conform\u00e9ment au <a href=\"https:\/\/chateautoursthonore.dev2pub.com\/index.php\/politique-de-confidentialite\/\"><strong>R\u00e8glement G\u00e9n\u00e9ral sur la Protection des Donn\u00e9es (RGPD)<\/strong><\/a> et \u00e0 la loi Informatique et Libert\u00e9s, vous disposez d\u2019un droit d\u2019acc\u00e8s, de rectification, d\u2019opposition et de suppression de vos donn\u00e9es.<\/p><p>Pour exercer ces droits, vous pouvez contacter :<\/p><p>contact@chateautsh.fr<\/p>\t\t\t\t\t\t\t\t<\/div>\n\t\t\t\t\t<\/div>\n\t\t\t\t<\/div>\n\t\t<div class=\"elementor-element elementor-element-513ab40 e-flex e-con-boxed e-con e-parent\" data-id=\"513ab40\" data-element_type=\"container\" data-e-type=\"container\">\n\t\t\t\t\t<div class=\"e-con-inner\">\n\t\t\t\t<div class=\"elementor-element elementor-element-e231854 elementor-widget elementor-widget-heading\" data-id=\"e231854\" data-element_type=\"widget\" data-e-type=\"widget\" data-widget_type=\"heading.default\">\n\t\t\t\t\t<h2 class=\"elementor-heading-title elementor-size-default\">Cookies<\/h2>\t\t\t\t<\/div>\n\t\t\t\t<div class=\"elementor-element elementor-element-37467b3 elementor-widget elementor-widget-text-editor\" data-id=\"37467b3\" data-element_type=\"widget\" data-e-type=\"widget\" data-widget_type=\"text-editor.default\">\n\t\t\t\t\t\t\t\t\t<p>Le site peut utiliser des cookies afin d\u2019am\u00e9liorer l\u2019exp\u00e9rience utilisateur et d\u2019analyser la fr\u00e9quentation du site.<\/p><p>L\u2019utilisateur peut configurer son navigateur pour refuser les cookies.<\/p>\t\t\t\t\t\t\t\t<\/div>\n\t\t\t\t\t<\/div>\n\t\t\t\t<\/div>\n\t\t<div class=\"elementor-element elementor-element-f070b70 e-flex e-con-boxed e-con e-parent\" data-id=\"f070b70\" data-element_type=\"container\" data-e-type=\"container\">\n\t\t\t\t\t<div class=\"e-con-inner\">\n\t\t\t\t<div class=\"elementor-element elementor-element-f6c9883 elementor-widget elementor-widget-heading\" data-id=\"f6c9883\" data-element_type=\"widget\" data-e-type=\"widget\" data-widget_type=\"heading.default\">\n\t\t\t\t\t<h2 class=\"elementor-heading-title elementor-size-default\">Responsabilit\u00e9<\/h2>\t\t\t\t<\/div>\n\t\t\t\t<div class=\"elementor-element elementor-element-64791b4 elementor-widget elementor-widget-text-editor\" data-id=\"64791b4\" data-element_type=\"widget\" data-e-type=\"widget\" data-widget_type=\"text-editor.default\">\n\t\t\t\t\t\t\t\t\t<p>Les informations diffus\u00e9es sur ce site sont fournies \u00e0 titre indicatif.<\/p><p>Le Ch\u00e2teau Tour Saint Honor\u00e9 s\u2019efforce de fournir des informations aussi pr\u00e9cises que possible, mais ne peut garantir l\u2019exactitude, la compl\u00e9tude ou l\u2019actualit\u00e9 des informations diffus\u00e9es.<\/p>\t\t\t\t\t\t\t\t<\/div>\n\t\t\t\t\t<\/div>\n\t\t\t\t<\/div>\n\t\t<div class=\"elementor-element elementor-element-0aa6006 e-flex e-con-boxed e-con e-parent\" data-id=\"0aa6006\" data-element_type=\"container\" data-e-type=\"container\">\n\t\t\t\t\t<div class=\"e-con-inner\">\n\t\t\t\t<div class=\"elementor-element elementor-element-ef3735b elementor-widget elementor-widget-heading\" data-id=\"ef3735b\" data-element_type=\"widget\" data-e-type=\"widget\" data-widget_type=\"heading.default\">\n\t\t\t\t\t<h2 class=\"elementor-heading-title elementor-size-default\">Vente d\u2019alcool<\/h2>\t\t\t\t<\/div>\n\t\t\t\t<div class=\"elementor-element elementor-element-8b370ab elementor-widget elementor-widget-text-editor\" data-id=\"8b370ab\" data-element_type=\"widget\" data-e-type=\"widget\" data-widget_type=\"text-editor.default\">\n\t\t\t\t\t\t\t\t\t<p>Conform\u00e9ment \u00e0 la l\u00e9gislation fran\u00e7aise :<\/p><p>La vente d\u2019alcool est interdite aux mineurs.<\/p><p>En passant commande sur ce site, l\u2019utilisateur certifie \u00eatre majeur.<\/p><p>L\u2019abus d\u2019alcool est dangereux pour la sant\u00e9, \u00e0 consommer avec mod\u00e9ration.<\/p>\t\t\t\t\t\t\t\t<\/div>\n\t\t\t\t\t<\/div>\n\t\t\t\t<\/div>\n\t\t\t\t<\/div>\n\t\t","protected":false},"excerpt":{"rendered":"<p>Mentions l\u00e9gales \u00c9diteur du site Le pr\u00e9sent site est \u00e9dit\u00e9 par : LA TOUR SAINT HONORESASU Si\u00e8ge social :602 Chemin du Bas Pansard83250 La Londe-les-Maures \u2013 France SIRET : 520 704 404 00026RCS : Toulon TVA intracom : FR04 520704404 Email : contact@chateautsh.fr Directeur de la publication :La direction de LA TOUR SAINT HONORE h\u00e9bergement [&hellip;]<\/p>\n","protected":false},"author":1,"featured_media":0,"parent":0,"menu_order":0,"comment_status":"closed","ping_status":"closed","template":"elementor_header_footer","meta":{"_acf_changed":false,"footnotes":""},"class_list":["post-668","page","type-page","status-publish","hentry"],"acf":[],"yoast_head":"<!-- This site is optimized with the Yoast SEO plugin v27.4 - https:\/\/yoast.com\/product\/yoast-seo-wordpress\/ -->\n<title>Mentions l\u00e9gales - Ch\u00e2teau Tour Saint Honor\u00e9<\/title>\n<meta name=\"robots\" content=\"index, follow, max-snippet:-1, max-image-preview:large, max-video-preview:-1\" \/>\n<link rel=\"canonical\" href=\"https:\/\/chateautoursthonore.dev2pub.com\/index.php\/mentions-legales\/\" \/>\n<meta property=\"og:locale\" content=\"fr_FR\" \/>\n<meta property=\"og:type\" content=\"article\" \/>\n<meta property=\"og:title\" content=\"Mentions l\u00e9gales - Ch\u00e2teau Tour Saint Honor\u00e9\" \/>\n<meta property=\"og:description\" content=\"Mentions l\u00e9gales \u00c9diteur du site Le pr\u00e9sent site est \u00e9dit\u00e9 par : LA TOUR SAINT HONORESASU Si\u00e8ge social :602 Chemin du Bas Pansard83250 La Londe-les-Maures \u2013 France SIRET : 520 704 404 00026RCS : Toulon TVA intracom : FR04 520704404 Email : contact@chateautsh.fr Directeur de la publication :La direction de LA TOUR SAINT HONORE h\u00e9bergement [&hellip;]\" \/>\n<meta property=\"og:url\" content=\"https:\/\/chateautoursthonore.dev2pub.com\/index.php\/mentions-legales\/\" \/>\n<meta property=\"og:site_name\" content=\"Ch\u00e2teau Tour Saint Honor\u00e9\" \/>\n<meta property=\"article:modified_time\" content=\"2026-03-17T14:53:29+00:00\" \/>\n<meta name=\"twitter:card\" content=\"summary_large_image\" \/>\n<meta name=\"twitter:label1\" content=\"Dur\u00e9e de lecture estim\u00e9e\" \/>\n\t<meta name=\"twitter:data1\" content=\"2 minutes\" \/>\n<script type=\"application\/ld+json\" class=\"yoast-schema-graph\">{\"@context\":\"https:\\\/\\\/schema.org\",\"@graph\":[{\"@type\":\"WebPage\",\"@id\":\"https:\\\/\\\/chateautoursthonore.dev2pub.com\\\/index.php\\\/mentions-legales\\\/\",\"url\":\"https:\\\/\\\/chateautoursthonore.dev2pub.com\\\/index.php\\\/mentions-legales\\\/\",\"name\":\"Mentions l\u00e9gales - Ch\u00e2teau Tour Saint Honor\u00e9\",\"isPartOf\":{\"@id\":\"https:\\\/\\\/chateautoursthonore.dev2pub.com\\\/#website\"},\"datePublished\":\"2026-03-11T17:40:00+00:00\",\"dateModified\":\"2026-03-17T14:53:29+00:00\",\"breadcrumb\":{\"@id\":\"https:\\\/\\\/chateautoursthonore.dev2pub.com\\\/index.php\\\/mentions-legales\\\/#breadcrumb\"},\"inLanguage\":\"fr-FR\",\"potentialAction\":[{\"@type\":\"ReadAction\",\"target\":[\"https:\\\/\\\/chateautoursthonore.dev2pub.com\\\/index.php\\\/mentions-legales\\\/\"]}]},{\"@type\":\"BreadcrumbList\",\"@id\":\"https:\\\/\\\/chateautoursthonore.dev2pub.com\\\/index.php\\\/mentions-legales\\\/#breadcrumb\",\"itemListElement\":[{\"@type\":\"ListItem\",\"position\":1,\"name\":\"Home\",\"item\":\"https:\\\/\\\/chateautoursthonore.dev2pub.com\\\/\"},{\"@type\":\"ListItem\",\"position\":2,\"name\":\"Mentions l\u00e9gales\"}]},{\"@type\":\"WebSite\",\"@id\":\"https:\\\/\\\/chateautoursthonore.dev2pub.com\\\/#website\",\"url\":\"https:\\\/\\\/chateautoursthonore.dev2pub.com\\\/\",\"name\":\"Ch\u00e2teau Tour Saint Honor\u00e9\",\"description\":\"\",\"publisher\":{\"@id\":\"https:\\\/\\\/chateautoursthonore.dev2pub.com\\\/#organization\"},\"potentialAction\":[{\"@type\":\"SearchAction\",\"target\":{\"@type\":\"EntryPoint\",\"urlTemplate\":\"https:\\\/\\\/chateautoursthonore.dev2pub.com\\\/?s={search_term_string}\"},\"query-input\":{\"@type\":\"PropertyValueSpecification\",\"valueRequired\":true,\"valueName\":\"search_term_string\"}}],\"inLanguage\":\"fr-FR\"},{\"@type\":\"Organization\",\"@id\":\"https:\\\/\\\/chateautoursthonore.dev2pub.com\\\/#organization\",\"name\":\"Ch\u00e2teau Tour Saint Honor\u00e9\",\"url\":\"https:\\\/\\\/chateautoursthonore.dev2pub.com\\\/\",\"logo\":{\"@type\":\"ImageObject\",\"inLanguage\":\"fr-FR\",\"@id\":\"https:\\\/\\\/chateautoursthonore.dev2pub.com\\\/#\\\/schema\\\/logo\\\/image\\\/\",\"url\":\"https:\\\/\\\/chateautoursthonore.dev2pub.com\\\/wp-content\\\/uploads\\\/2026\\\/02\\\/cropped-cropped-ChatGPT-Image-20-fevr.-2026-08_09_22.png\",\"contentUrl\":\"https:\\\/\\\/chateautoursthonore.dev2pub.com\\\/wp-content\\\/uploads\\\/2026\\\/02\\\/cropped-cropped-ChatGPT-Image-20-fevr.-2026-08_09_22.png\",\"width\":534,\"height\":325,\"caption\":\"Ch\u00e2teau Tour Saint Honor\u00e9\"},\"image\":{\"@id\":\"https:\\\/\\\/chateautoursthonore.dev2pub.com\\\/#\\\/schema\\\/logo\\\/image\\\/\"}}]}<\/script>\n<!-- \/ Yoast SEO plugin. -->","yoast_head_json":{"title":"Mentions l\u00e9gales - Ch\u00e2teau Tour Saint Honor\u00e9","robots":{"index":"index","follow":"follow","max-snippet":"max-snippet:-1","max-image-preview":"max-image-preview:large","max-video-preview":"max-video-preview:-1"},"canonical":"https:\/\/chateautoursthonore.dev2pub.com\/index.php\/mentions-legales\/","og_locale":"fr_FR","og_type":"article","og_title":"Mentions l\u00e9gales - Ch\u00e2teau Tour Saint Honor\u00e9","og_description":"Mentions l\u00e9gales \u00c9diteur du site Le pr\u00e9sent site est \u00e9dit\u00e9 par : LA TOUR SAINT HONORESASU Si\u00e8ge social :602 Chemin du Bas Pansard83250 La Londe-les-Maures \u2013 France SIRET : 520 704 404 00026RCS : Toulon TVA intracom : FR04 520704404 Email : contact@chateautsh.fr Directeur de la publication :La direction de LA TOUR SAINT HONORE h\u00e9bergement [&hellip;]","og_url":"https:\/\/chateautoursthonore.dev2pub.com\/index.php\/mentions-legales\/","og_site_name":"Ch\u00e2teau Tour Saint Honor\u00e9","article_modified_time":"2026-03-17T14:53:29+00:00","twitter_card":"summary_large_image","twitter_misc":{"Dur\u00e9e de lecture estim\u00e9e":"2 minutes"},"schema":{"@context":"https:\/\/schema.org","@graph":[{"@type":"WebPage","@id":"https:\/\/chateautoursthonore.dev2pub.com\/index.php\/mentions-legales\/","url":"https:\/\/chateautoursthonore.dev2pub.com\/index.php\/mentions-legales\/","name":"Mentions l\u00e9gales - Ch\u00e2teau Tour Saint Honor\u00e9","isPartOf":{"@id":"https:\/\/chateautoursthonore.dev2pub.com\/#website"},"datePublished":"2026-03-11T17:40:00+00:00","dateModified":"2026-03-17T14:53:29+00:00","breadcrumb":{"@id":"https:\/\/chateautoursthonore.dev2pub.com\/index.php\/mentions-legales\/#breadcrumb"},"inLanguage":"fr-FR","potentialAction":[{"@type":"ReadAction","target":["https:\/\/chateautoursthonore.dev2pub.com\/index.php\/mentions-legales\/"]}]},{"@type":"BreadcrumbList","@id":"https:\/\/chateautoursthonore.dev2pub.com\/index.php\/mentions-legales\/#breadcrumb","itemListElement":[{"@type":"ListItem","position":1,"name":"Home","item":"https:\/\/chateautoursthonore.dev2pub.com\/"},{"@type":"ListItem","position":2,"name":"Mentions l\u00e9gales"}]},{"@type":"WebSite","@id":"https:\/\/chateautoursthonore.dev2pub.com\/#website","url":"https:\/\/chateautoursthonore.dev2pub.com\/","name":"Ch\u00e2teau Tour Saint Honor\u00e9","description":"","publisher":{"@id":"https:\/\/chateautoursthonore.dev2pub.com\/#organization"},"potentialAction":[{"@type":"SearchAction","target":{"@type":"EntryPoint","urlTemplate":"https:\/\/chateautoursthonore.dev2pub.com\/?s={search_term_string}"},"query-input":{"@type":"PropertyValueSpecification","valueRequired":true,"valueName":"search_term_string"}}],"inLanguage":"fr-FR"},{"@type":"Organization","@id":"https:\/\/chateautoursthonore.dev2pub.com\/#organization","name":"Ch\u00e2teau Tour Saint Honor\u00e9","url":"https:\/\/chateautoursthonore.dev2pub.com\/","logo":{"@type":"ImageObject","inLanguage":"fr-FR","@id":"https:\/\/chateautoursthonore.dev2pub.com\/#\/schema\/logo\/image\/","url":"https:\/\/chateautoursthonore.dev2pub.com\/wp-content\/uploads\/2026\/02\/cropped-cropped-ChatGPT-Image-20-fevr.-2026-08_09_22.png","contentUrl":"https:\/\/chateautoursthonore.dev2pub.com\/wp-content\/uploads\/2026\/02\/cropped-cropped-ChatGPT-Image-20-fevr.-2026-08_09_22.png","width":534,"height":325,"caption":"Ch\u00e2teau Tour Saint Honor\u00e9"},"image":{"@id":"https:\/\/chateautoursthonore.dev2pub.com\/#\/schema\/logo\/image\/"}}]}},"_links":{"self":[{"href":"https:\/\/chateautoursthonore.dev2pub.com\/index.php\/wp-json\/wp\/v2\/pages\/668","targetHints":{"allow":["GET"]}}],"collection":[{"href":"https:\/\/chateautoursthonore.dev2pub.com\/index.php\/wp-json\/wp\/v2\/pages"}],"about":[{"href":"https:\/\/chateautoursthonore.dev2pub.com\/index.php\/wp-json\/wp\/v2\/types\/page"}],"author":[{"embeddable":true,"href":"https:\/\/chateautoursthonore.dev2pub.com\/index.php\/wp-json\/wp\/v2\/users\/1"}],"replies":[{"embeddable":true,"href":"https:\/\/chateautoursthonore.dev2pub.com\/index.php\/wp-json\/wp\/v2\/comments?post=668"}],"version-history":[{"count":10,"href":"https:\/\/chateautoursthonore.dev2pub.com\/index.php\/wp-json\/wp\/v2\/pages\/668\/revisions"}],"predecessor-version":[{"id":1095,"href":"https:\/\/chateautoursthonore.dev2pub.com\/index.php\/wp-json\/wp\/v2\/pages\/668\/revisions\/1095"}],"wp:attachment":[{"href":"https:\/\/chateautoursthonore.dev2pub.com\/index.php\/wp-json\/wp\/v2\/media?parent=668"}],"curies":[{"name":"wp","href":"https:\/\/api.w.org\/{rel}","templated":true}]}}