{"id":301,"date":"2026-02-24T22:44:31","date_gmt":"2026-02-24T22:44:31","guid":{"rendered":"https:\/\/chateautoursthonore.dev2pub.com\/?post_type=product&#038;p=301"},"modified":"2026-03-20T13:13:36","modified_gmt":"2026-03-20T13:13:36","slug":"cuvee-tsh-rouge-2023","status":"publish","type":"product","link":"https:\/\/chateautoursthonore.dev2pub.com\/index.php\/product\/cuvee-tsh-rouge-2023\/","title":{"rendered":"TSH ROUGE"},"content":{"rendered":"","protected":false},"excerpt":{"rendered":"<p>La cuv\u00e9e TSH Rouge est un vin d&rsquo;ap\u00e9ritif tout en finesse, pens\u00e9 pour le plaisir imm\u00e9diat. Souple et facile \u00e0 boire, elle s\u00e9duit par ses tanins d\u00e9licats et ses notes gourmandes de fruits rouges croquants relev\u00e9es d&rsquo;une touche d&rsquo;\u00e9pices. Fra\u00eeche et \u00e9l\u00e9gante, elle incarne parfaitement le c\u0153ur de gamme du domaine.<\/p>\n","protected":false},"featured_media":326,"comment_status":"open","ping_status":"closed","template":"","meta":{"_acf_changed":false},"product_brand":[],"product_cat":[25],"product_tag":[],"class_list":{"0":"post-301","1":"product","2":"type-product","3":"status-publish","4":"has-post-thumbnail","6":"product_cat-tsh","8":"first","9":"instock","10":"shipping-taxable","11":"purchasable","12":"product-type-variable"},"acf":[],"yoast_head":"<!-- This site is optimized with the Yoast SEO plugin v27.4 - https:\/\/yoast.com\/product\/yoast-seo-wordpress\/ -->\n<title>TSH ROUGE - Ch\u00e2teau Tour Saint Honor\u00e9<\/title>\n<meta name=\"robots\" content=\"index, follow, max-snippet:-1, max-image-preview:large, max-video-preview:-1\" \/>\n<link rel=\"canonical\" href=\"https:\/\/chateautoursthonore.dev2pub.com\/index.php\/product\/cuvee-tsh-rouge-2023\/\" \/>\n<meta property=\"og:locale\" content=\"fr_FR\" \/>\n<meta property=\"og:type\" content=\"article\" \/>\n<meta property=\"og:title\" content=\"TSH ROUGE - Ch\u00e2teau Tour Saint Honor\u00e9\" \/>\n<meta property=\"og:description\" content=\"La cuv\u00e9e TSH Rouge est un vin d&#039;ap\u00e9ritif tout en finesse, pens\u00e9 pour le plaisir imm\u00e9diat. Souple et facile \u00e0 boire, elle s\u00e9duit par ses tanins d\u00e9licats et ses notes gourmandes de fruits rouges croquants relev\u00e9es d&#039;une touche d&#039;\u00e9pices. Fra\u00eeche et \u00e9l\u00e9gante, elle incarne parfaitement le c\u0153ur de gamme du domaine.\" \/>\n<meta property=\"og:url\" content=\"https:\/\/chateautoursthonore.dev2pub.com\/index.php\/product\/cuvee-tsh-rouge-2023\/\" \/>\n<meta property=\"og:site_name\" content=\"Ch\u00e2teau Tour Saint Honor\u00e9\" \/>\n<meta property=\"article:modified_time\" content=\"2026-03-20T13:13:36+00:00\" \/>\n<meta property=\"og:image\" content=\"https:\/\/chateautoursthonore.dev2pub.com\/wp-content\/uploads\/2026\/02\/tsh-rouge-detoure-scaled.webp\" \/>\n\t<meta property=\"og:image:width\" content=\"625\" \/>\n\t<meta property=\"og:image:height\" content=\"2000\" \/>\n\t<meta property=\"og:image:type\" content=\"image\/webp\" \/>\n<meta name=\"twitter:card\" content=\"summary_large_image\" \/>\n<meta name=\"twitter:label1\" content=\"Dur\u00e9e de lecture estim\u00e9e\" \/>\n\t<meta name=\"twitter:data1\" content=\"1 minute\" \/>\n<script type=\"application\/ld+json\" class=\"yoast-schema-graph\">{\"@context\":\"https:\\\/\\\/schema.org\",\"@graph\":[{\"@type\":\"WebPage\",\"@id\":\"https:\\\/\\\/chateautoursthonore.dev2pub.com\\\/index.php\\\/product\\\/cuvee-tsh-rouge-2023\\\/\",\"url\":\"https:\\\/\\\/chateautoursthonore.dev2pub.com\\\/index.php\\\/product\\\/cuvee-tsh-rouge-2023\\\/\",\"name\":\"TSH ROUGE - Ch\u00e2teau Tour Saint Honor\u00e9\",\"isPartOf\":{\"@id\":\"https:\\\/\\\/chateautoursthonore.dev2pub.com\\\/#website\"},\"primaryImageOfPage\":{\"@id\":\"https:\\\/\\\/chateautoursthonore.dev2pub.com\\\/index.php\\\/product\\\/cuvee-tsh-rouge-2023\\\/#primaryimage\"},\"image\":{\"@id\":\"https:\\\/\\\/chateautoursthonore.dev2pub.com\\\/index.php\\\/product\\\/cuvee-tsh-rouge-2023\\\/#primaryimage\"},\"thumbnailUrl\":\"https:\\\/\\\/chateautoursthonore.dev2pub.com\\\/wp-content\\\/uploads\\\/2026\\\/02\\\/tsh-rouge-detoure-scaled.webp\",\"datePublished\":\"2026-02-24T22:44:31+00:00\",\"dateModified\":\"2026-03-20T13:13:36+00:00\",\"breadcrumb\":{\"@id\":\"https:\\\/\\\/chateautoursthonore.dev2pub.com\\\/index.php\\\/product\\\/cuvee-tsh-rouge-2023\\\/#breadcrumb\"},\"inLanguage\":\"fr-FR\",\"potentialAction\":[{\"@type\":\"ReadAction\",\"target\":[\"https:\\\/\\\/chateautoursthonore.dev2pub.com\\\/index.php\\\/product\\\/cuvee-tsh-rouge-2023\\\/\"]}]},{\"@type\":\"ImageObject\",\"inLanguage\":\"fr-FR\",\"@id\":\"https:\\\/\\\/chateautoursthonore.dev2pub.com\\\/index.php\\\/product\\\/cuvee-tsh-rouge-2023\\\/#primaryimage\",\"url\":\"https:\\\/\\\/chateautoursthonore.dev2pub.com\\\/wp-content\\\/uploads\\\/2026\\\/02\\\/tsh-rouge-detoure-scaled.webp\",\"contentUrl\":\"https:\\\/\\\/chateautoursthonore.dev2pub.com\\\/wp-content\\\/uploads\\\/2026\\\/02\\\/tsh-rouge-detoure-scaled.webp\",\"width\":625,\"height\":2000,\"caption\":\"TSH ROUGE D\u00e9tour\u00e9\"},{\"@type\":\"BreadcrumbList\",\"@id\":\"https:\\\/\\\/chateautoursthonore.dev2pub.com\\\/index.php\\\/product\\\/cuvee-tsh-rouge-2023\\\/#breadcrumb\",\"itemListElement\":[{\"@type\":\"ListItem\",\"position\":1,\"name\":\"Home\",\"item\":\"https:\\\/\\\/chateautoursthonore.dev2pub.com\\\/\"},{\"@type\":\"ListItem\",\"position\":2,\"name\":\"Boutique\",\"item\":\"https:\\\/\\\/chateautoursthonore.dev2pub.com\\\/index.php\\\/boutique\\\/\"},{\"@type\":\"ListItem\",\"position\":3,\"name\":\"TSH ROUGE\"}]},{\"@type\":\"WebSite\",\"@id\":\"https:\\\/\\\/chateautoursthonore.dev2pub.com\\\/#website\",\"url\":\"https:\\\/\\\/chateautoursthonore.dev2pub.com\\\/\",\"name\":\"Ch\u00e2teau Tour Saint Honor\u00e9\",\"description\":\"\",\"publisher\":{\"@id\":\"https:\\\/\\\/chateautoursthonore.dev2pub.com\\\/#organization\"},\"potentialAction\":[{\"@type\":\"SearchAction\",\"target\":{\"@type\":\"EntryPoint\",\"urlTemplate\":\"https:\\\/\\\/chateautoursthonore.dev2pub.com\\\/?s={search_term_string}\"},\"query-input\":{\"@type\":\"PropertyValueSpecification\",\"valueRequired\":true,\"valueName\":\"search_term_string\"}}],\"inLanguage\":\"fr-FR\"},{\"@type\":\"Organization\",\"@id\":\"https:\\\/\\\/chateautoursthonore.dev2pub.com\\\/#organization\",\"name\":\"Ch\u00e2teau Tour Saint Honor\u00e9\",\"url\":\"https:\\\/\\\/chateautoursthonore.dev2pub.com\\\/\",\"logo\":{\"@type\":\"ImageObject\",\"inLanguage\":\"fr-FR\",\"@id\":\"https:\\\/\\\/chateautoursthonore.dev2pub.com\\\/#\\\/schema\\\/logo\\\/image\\\/\",\"url\":\"https:\\\/\\\/chateautoursthonore.dev2pub.com\\\/wp-content\\\/uploads\\\/2026\\\/02\\\/cropped-cropped-ChatGPT-Image-20-fevr.-2026-08_09_22.png\",\"contentUrl\":\"https:\\\/\\\/chateautoursthonore.dev2pub.com\\\/wp-content\\\/uploads\\\/2026\\\/02\\\/cropped-cropped-ChatGPT-Image-20-fevr.-2026-08_09_22.png\",\"width\":534,\"height\":325,\"caption\":\"Ch\u00e2teau Tour Saint Honor\u00e9\"},\"image\":{\"@id\":\"https:\\\/\\\/chateautoursthonore.dev2pub.com\\\/#\\\/schema\\\/logo\\\/image\\\/\"}}]}<\/script>\n<!-- \/ Yoast SEO plugin. -->","yoast_head_json":{"title":"TSH ROUGE - Ch\u00e2teau Tour Saint Honor\u00e9","robots":{"index":"index","follow":"follow","max-snippet":"max-snippet:-1","max-image-preview":"max-image-preview:large","max-video-preview":"max-video-preview:-1"},"canonical":"https:\/\/chateautoursthonore.dev2pub.com\/index.php\/product\/cuvee-tsh-rouge-2023\/","og_locale":"fr_FR","og_type":"article","og_title":"TSH ROUGE - Ch\u00e2teau Tour Saint Honor\u00e9","og_description":"La cuv\u00e9e TSH Rouge est un vin d'ap\u00e9ritif tout en finesse, pens\u00e9 pour le plaisir imm\u00e9diat. Souple et facile \u00e0 boire, elle s\u00e9duit par ses tanins d\u00e9licats et ses notes gourmandes de fruits rouges croquants relev\u00e9es d'une touche d'\u00e9pices. Fra\u00eeche et \u00e9l\u00e9gante, elle incarne parfaitement le c\u0153ur de gamme du domaine.","og_url":"https:\/\/chateautoursthonore.dev2pub.com\/index.php\/product\/cuvee-tsh-rouge-2023\/","og_site_name":"Ch\u00e2teau Tour Saint Honor\u00e9","article_modified_time":"2026-03-20T13:13:36+00:00","og_image":[{"width":625,"height":2000,"url":"https:\/\/chateautoursthonore.dev2pub.com\/wp-content\/uploads\/2026\/02\/tsh-rouge-detoure-scaled.webp","type":"image\/webp"}],"twitter_card":"summary_large_image","twitter_misc":{"Dur\u00e9e de lecture estim\u00e9e":"1 minute"},"schema":{"@context":"https:\/\/schema.org","@graph":[{"@type":"WebPage","@id":"https:\/\/chateautoursthonore.dev2pub.com\/index.php\/product\/cuvee-tsh-rouge-2023\/","url":"https:\/\/chateautoursthonore.dev2pub.com\/index.php\/product\/cuvee-tsh-rouge-2023\/","name":"TSH ROUGE - Ch\u00e2teau Tour Saint Honor\u00e9","isPartOf":{"@id":"https:\/\/chateautoursthonore.dev2pub.com\/#website"},"primaryImageOfPage":{"@id":"https:\/\/chateautoursthonore.dev2pub.com\/index.php\/product\/cuvee-tsh-rouge-2023\/#primaryimage"},"image":{"@id":"https:\/\/chateautoursthonore.dev2pub.com\/index.php\/product\/cuvee-tsh-rouge-2023\/#primaryimage"},"thumbnailUrl":"https:\/\/chateautoursthonore.dev2pub.com\/wp-content\/uploads\/2026\/02\/tsh-rouge-detoure-scaled.webp","datePublished":"2026-02-24T22:44:31+00:00","dateModified":"2026-03-20T13:13:36+00:00","breadcrumb":{"@id":"https:\/\/chateautoursthonore.dev2pub.com\/index.php\/product\/cuvee-tsh-rouge-2023\/#breadcrumb"},"inLanguage":"fr-FR","potentialAction":[{"@type":"ReadAction","target":["https:\/\/chateautoursthonore.dev2pub.com\/index.php\/product\/cuvee-tsh-rouge-2023\/"]}]},{"@type":"ImageObject","inLanguage":"fr-FR","@id":"https:\/\/chateautoursthonore.dev2pub.com\/index.php\/product\/cuvee-tsh-rouge-2023\/#primaryimage","url":"https:\/\/chateautoursthonore.dev2pub.com\/wp-content\/uploads\/2026\/02\/tsh-rouge-detoure-scaled.webp","contentUrl":"https:\/\/chateautoursthonore.dev2pub.com\/wp-content\/uploads\/2026\/02\/tsh-rouge-detoure-scaled.webp","width":625,"height":2000,"caption":"TSH ROUGE D\u00e9tour\u00e9"},{"@type":"BreadcrumbList","@id":"https:\/\/chateautoursthonore.dev2pub.com\/index.php\/product\/cuvee-tsh-rouge-2023\/#breadcrumb","itemListElement":[{"@type":"ListItem","position":1,"name":"Home","item":"https:\/\/chateautoursthonore.dev2pub.com\/"},{"@type":"ListItem","position":2,"name":"Boutique","item":"https:\/\/chateautoursthonore.dev2pub.com\/index.php\/boutique\/"},{"@type":"ListItem","position":3,"name":"TSH ROUGE"}]},{"@type":"WebSite","@id":"https:\/\/chateautoursthonore.dev2pub.com\/#website","url":"https:\/\/chateautoursthonore.dev2pub.com\/","name":"Ch\u00e2teau Tour Saint Honor\u00e9","description":"","publisher":{"@id":"https:\/\/chateautoursthonore.dev2pub.com\/#organization"},"potentialAction":[{"@type":"SearchAction","target":{"@type":"EntryPoint","urlTemplate":"https:\/\/chateautoursthonore.dev2pub.com\/?s={search_term_string}"},"query-input":{"@type":"PropertyValueSpecification","valueRequired":true,"valueName":"search_term_string"}}],"inLanguage":"fr-FR"},{"@type":"Organization","@id":"https:\/\/chateautoursthonore.dev2pub.com\/#organization","name":"Ch\u00e2teau Tour Saint Honor\u00e9","url":"https:\/\/chateautoursthonore.dev2pub.com\/","logo":{"@type":"ImageObject","inLanguage":"fr-FR","@id":"https:\/\/chateautoursthonore.dev2pub.com\/#\/schema\/logo\/image\/","url":"https:\/\/chateautoursthonore.dev2pub.com\/wp-content\/uploads\/2026\/02\/cropped-cropped-ChatGPT-Image-20-fevr.-2026-08_09_22.png","contentUrl":"https:\/\/chateautoursthonore.dev2pub.com\/wp-content\/uploads\/2026\/02\/cropped-cropped-ChatGPT-Image-20-fevr.-2026-08_09_22.png","width":534,"height":325,"caption":"Ch\u00e2teau Tour Saint Honor\u00e9"},"image":{"@id":"https:\/\/chateautoursthonore.dev2pub.com\/#\/schema\/logo\/image\/"}}]}},"_links":{"self":[{"href":"https:\/\/chateautoursthonore.dev2pub.com\/index.php\/wp-json\/wp\/v2\/product\/301","targetHints":{"allow":["GET"]}}],"collection":[{"href":"https:\/\/chateautoursthonore.dev2pub.com\/index.php\/wp-json\/wp\/v2\/product"}],"about":[{"href":"https:\/\/chateautoursthonore.dev2pub.com\/index.php\/wp-json\/wp\/v2\/types\/product"}],"replies":[{"embeddable":true,"href":"https:\/\/chateautoursthonore.dev2pub.com\/index.php\/wp-json\/wp\/v2\/comments?post=301"}],"wp:featuredmedia":[{"embeddable":true,"href":"https:\/\/chateautoursthonore.dev2pub.com\/index.php\/wp-json\/wp\/v2\/media\/326"}],"wp:attachment":[{"href":"https:\/\/chateautoursthonore.dev2pub.com\/index.php\/wp-json\/wp\/v2\/media?parent=301"}],"wp:term":[{"taxonomy":"product_brand","embeddable":true,"href":"https:\/\/chateautoursthonore.dev2pub.com\/index.php\/wp-json\/wp\/v2\/product_brand?post=301"},{"taxonomy":"product_cat","embeddable":true,"href":"https:\/\/chateautoursthonore.dev2pub.com\/index.php\/wp-json\/wp\/v2\/product_cat?post=301"},{"taxonomy":"product_tag","embeddable":true,"href":"https:\/\/chateautoursthonore.dev2pub.com\/index.php\/wp-json\/wp\/v2\/product_tag?post=301"}],"curies":[{"name":"wp","href":"https:\/\/api.w.org\/{rel}","templated":true}]}}