{"id":342,"date":"2026-02-25T22:51:32","date_gmt":"2026-02-25T22:51:32","guid":{"rendered":"https:\/\/chateautoursthonore.dev2pub.com\/?post_type=product&#038;p=342"},"modified":"2026-03-20T13:11:58","modified_gmt":"2026-03-20T13:11:58","slug":"tsh-rose-2025","status":"publish","type":"product","link":"https:\/\/chateautoursthonore.dev2pub.com\/index.php\/product\/tsh-rose-2025\/","title":{"rendered":"TSH ROSE"},"content":{"rendered":"","protected":false},"excerpt":{"rendered":"<p>La cuv\u00e9e TSH Ros\u00e9 s\u00e9duit par sa robe p\u00e2le et lumineuse, promesse d&rsquo;un moment de fra\u00eecheur. Pens\u00e9e pour l&rsquo;ap\u00e9ritif, elle d\u00e9voile un nez expressif aux notes de fruits frais, d&rsquo;agrumes et de d\u00e9licates touches exotiques. En bouche, elle est vive et aromatique, avec une belle longueur qui prolonge le plaisir. Un ros\u00e9 \u00e9l\u00e9gant, au c\u0153ur de notre gamme.<\/p>\n","protected":false},"featured_media":318,"comment_status":"open","ping_status":"closed","template":"","meta":{"_acf_changed":false},"product_brand":[],"product_cat":[25],"product_tag":[],"class_list":{"0":"post-342","1":"product","2":"type-product","3":"status-publish","4":"has-post-thumbnail","6":"product_cat-tsh","8":"first","9":"instock","10":"shipping-taxable","11":"purchasable","12":"product-type-variable"},"acf":[],"yoast_head":"<!-- This site is optimized with the Yoast SEO plugin v27.4 - https:\/\/yoast.com\/product\/yoast-seo-wordpress\/ -->\n<title>TSH ROSE - Ch\u00e2teau Tour Saint Honor\u00e9<\/title>\n<meta name=\"robots\" content=\"index, follow, max-snippet:-1, max-image-preview:large, max-video-preview:-1\" \/>\n<link rel=\"canonical\" href=\"https:\/\/chateautoursthonore.dev2pub.com\/index.php\/product\/tsh-rose-2025\/\" \/>\n<meta property=\"og:locale\" content=\"fr_FR\" \/>\n<meta property=\"og:type\" content=\"article\" \/>\n<meta property=\"og:title\" content=\"TSH ROSE - Ch\u00e2teau Tour Saint Honor\u00e9\" \/>\n<meta property=\"og:description\" content=\"La cuv\u00e9e TSH Ros\u00e9 s\u00e9duit par sa robe p\u00e2le et lumineuse, promesse d&#039;un moment de fra\u00eecheur. Pens\u00e9e pour l&#039;ap\u00e9ritif, elle d\u00e9voile un nez expressif aux notes de fruits frais, d&#039;agrumes et de d\u00e9licates touches exotiques. En bouche, elle est vive et aromatique, avec une belle longueur qui prolonge le plaisir. Un ros\u00e9 \u00e9l\u00e9gant, au c\u0153ur de notre gamme.\" \/>\n<meta property=\"og:url\" content=\"https:\/\/chateautoursthonore.dev2pub.com\/index.php\/product\/tsh-rose-2025\/\" \/>\n<meta property=\"og:site_name\" content=\"Ch\u00e2teau Tour Saint Honor\u00e9\" \/>\n<meta property=\"article:modified_time\" content=\"2026-03-20T13:11:58+00:00\" \/>\n<meta property=\"og:image\" content=\"https:\/\/chateautoursthonore.dev2pub.com\/wp-content\/uploads\/2026\/02\/tsh-rose-detoure-scaled.webp\" \/>\n\t<meta property=\"og:image:width\" content=\"717\" \/>\n\t<meta property=\"og:image:height\" content=\"2000\" \/>\n\t<meta property=\"og:image:type\" content=\"image\/webp\" \/>\n<meta name=\"twitter:card\" content=\"summary_large_image\" \/>\n<meta name=\"twitter:label1\" content=\"Dur\u00e9e de lecture estim\u00e9e\" \/>\n\t<meta name=\"twitter:data1\" content=\"1 minute\" \/>\n<script type=\"application\/ld+json\" class=\"yoast-schema-graph\">{\"@context\":\"https:\\\/\\\/schema.org\",\"@graph\":[{\"@type\":\"WebPage\",\"@id\":\"https:\\\/\\\/chateautoursthonore.dev2pub.com\\\/index.php\\\/product\\\/tsh-rose-2025\\\/\",\"url\":\"https:\\\/\\\/chateautoursthonore.dev2pub.com\\\/index.php\\\/product\\\/tsh-rose-2025\\\/\",\"name\":\"TSH ROSE - Ch\u00e2teau Tour Saint Honor\u00e9\",\"isPartOf\":{\"@id\":\"https:\\\/\\\/chateautoursthonore.dev2pub.com\\\/#website\"},\"primaryImageOfPage\":{\"@id\":\"https:\\\/\\\/chateautoursthonore.dev2pub.com\\\/index.php\\\/product\\\/tsh-rose-2025\\\/#primaryimage\"},\"image\":{\"@id\":\"https:\\\/\\\/chateautoursthonore.dev2pub.com\\\/index.php\\\/product\\\/tsh-rose-2025\\\/#primaryimage\"},\"thumbnailUrl\":\"https:\\\/\\\/chateautoursthonore.dev2pub.com\\\/wp-content\\\/uploads\\\/2026\\\/02\\\/tsh-rose-detoure-scaled.webp\",\"datePublished\":\"2026-02-25T22:51:32+00:00\",\"dateModified\":\"2026-03-20T13:11:58+00:00\",\"breadcrumb\":{\"@id\":\"https:\\\/\\\/chateautoursthonore.dev2pub.com\\\/index.php\\\/product\\\/tsh-rose-2025\\\/#breadcrumb\"},\"inLanguage\":\"fr-FR\",\"potentialAction\":[{\"@type\":\"ReadAction\",\"target\":[\"https:\\\/\\\/chateautoursthonore.dev2pub.com\\\/index.php\\\/product\\\/tsh-rose-2025\\\/\"]}]},{\"@type\":\"ImageObject\",\"inLanguage\":\"fr-FR\",\"@id\":\"https:\\\/\\\/chateautoursthonore.dev2pub.com\\\/index.php\\\/product\\\/tsh-rose-2025\\\/#primaryimage\",\"url\":\"https:\\\/\\\/chateautoursthonore.dev2pub.com\\\/wp-content\\\/uploads\\\/2026\\\/02\\\/tsh-rose-detoure-scaled.webp\",\"contentUrl\":\"https:\\\/\\\/chateautoursthonore.dev2pub.com\\\/wp-content\\\/uploads\\\/2026\\\/02\\\/tsh-rose-detoure-scaled.webp\",\"width\":717,\"height\":2000,\"caption\":\"TSH ROSE D\u00e9tour\u00e9\"},{\"@type\":\"BreadcrumbList\",\"@id\":\"https:\\\/\\\/chateautoursthonore.dev2pub.com\\\/index.php\\\/product\\\/tsh-rose-2025\\\/#breadcrumb\",\"itemListElement\":[{\"@type\":\"ListItem\",\"position\":1,\"name\":\"Home\",\"item\":\"https:\\\/\\\/chateautoursthonore.dev2pub.com\\\/\"},{\"@type\":\"ListItem\",\"position\":2,\"name\":\"Boutique\",\"item\":\"https:\\\/\\\/chateautoursthonore.dev2pub.com\\\/index.php\\\/boutique\\\/\"},{\"@type\":\"ListItem\",\"position\":3,\"name\":\"TSH ROSE\"}]},{\"@type\":\"WebSite\",\"@id\":\"https:\\\/\\\/chateautoursthonore.dev2pub.com\\\/#website\",\"url\":\"https:\\\/\\\/chateautoursthonore.dev2pub.com\\\/\",\"name\":\"Ch\u00e2teau Tour Saint Honor\u00e9\",\"description\":\"\",\"publisher\":{\"@id\":\"https:\\\/\\\/chateautoursthonore.dev2pub.com\\\/#organization\"},\"potentialAction\":[{\"@type\":\"SearchAction\",\"target\":{\"@type\":\"EntryPoint\",\"urlTemplate\":\"https:\\\/\\\/chateautoursthonore.dev2pub.com\\\/?s={search_term_string}\"},\"query-input\":{\"@type\":\"PropertyValueSpecification\",\"valueRequired\":true,\"valueName\":\"search_term_string\"}}],\"inLanguage\":\"fr-FR\"},{\"@type\":\"Organization\",\"@id\":\"https:\\\/\\\/chateautoursthonore.dev2pub.com\\\/#organization\",\"name\":\"Ch\u00e2teau Tour Saint Honor\u00e9\",\"url\":\"https:\\\/\\\/chateautoursthonore.dev2pub.com\\\/\",\"logo\":{\"@type\":\"ImageObject\",\"inLanguage\":\"fr-FR\",\"@id\":\"https:\\\/\\\/chateautoursthonore.dev2pub.com\\\/#\\\/schema\\\/logo\\\/image\\\/\",\"url\":\"https:\\\/\\\/chateautoursthonore.dev2pub.com\\\/wp-content\\\/uploads\\\/2026\\\/02\\\/cropped-cropped-ChatGPT-Image-20-fevr.-2026-08_09_22.png\",\"contentUrl\":\"https:\\\/\\\/chateautoursthonore.dev2pub.com\\\/wp-content\\\/uploads\\\/2026\\\/02\\\/cropped-cropped-ChatGPT-Image-20-fevr.-2026-08_09_22.png\",\"width\":534,\"height\":325,\"caption\":\"Ch\u00e2teau Tour Saint Honor\u00e9\"},\"image\":{\"@id\":\"https:\\\/\\\/chateautoursthonore.dev2pub.com\\\/#\\\/schema\\\/logo\\\/image\\\/\"}}]}<\/script>\n<!-- \/ Yoast SEO plugin. -->","yoast_head_json":{"title":"TSH ROSE - Ch\u00e2teau Tour Saint Honor\u00e9","robots":{"index":"index","follow":"follow","max-snippet":"max-snippet:-1","max-image-preview":"max-image-preview:large","max-video-preview":"max-video-preview:-1"},"canonical":"https:\/\/chateautoursthonore.dev2pub.com\/index.php\/product\/tsh-rose-2025\/","og_locale":"fr_FR","og_type":"article","og_title":"TSH ROSE - Ch\u00e2teau Tour Saint Honor\u00e9","og_description":"La cuv\u00e9e TSH Ros\u00e9 s\u00e9duit par sa robe p\u00e2le et lumineuse, promesse d'un moment de fra\u00eecheur. Pens\u00e9e pour l'ap\u00e9ritif, elle d\u00e9voile un nez expressif aux notes de fruits frais, d'agrumes et de d\u00e9licates touches exotiques. En bouche, elle est vive et aromatique, avec une belle longueur qui prolonge le plaisir. Un ros\u00e9 \u00e9l\u00e9gant, au c\u0153ur de notre gamme.","og_url":"https:\/\/chateautoursthonore.dev2pub.com\/index.php\/product\/tsh-rose-2025\/","og_site_name":"Ch\u00e2teau Tour Saint Honor\u00e9","article_modified_time":"2026-03-20T13:11:58+00:00","og_image":[{"width":717,"height":2000,"url":"https:\/\/chateautoursthonore.dev2pub.com\/wp-content\/uploads\/2026\/02\/tsh-rose-detoure-scaled.webp","type":"image\/webp"}],"twitter_card":"summary_large_image","twitter_misc":{"Dur\u00e9e de lecture estim\u00e9e":"1 minute"},"schema":{"@context":"https:\/\/schema.org","@graph":[{"@type":"WebPage","@id":"https:\/\/chateautoursthonore.dev2pub.com\/index.php\/product\/tsh-rose-2025\/","url":"https:\/\/chateautoursthonore.dev2pub.com\/index.php\/product\/tsh-rose-2025\/","name":"TSH ROSE - Ch\u00e2teau Tour Saint Honor\u00e9","isPartOf":{"@id":"https:\/\/chateautoursthonore.dev2pub.com\/#website"},"primaryImageOfPage":{"@id":"https:\/\/chateautoursthonore.dev2pub.com\/index.php\/product\/tsh-rose-2025\/#primaryimage"},"image":{"@id":"https:\/\/chateautoursthonore.dev2pub.com\/index.php\/product\/tsh-rose-2025\/#primaryimage"},"thumbnailUrl":"https:\/\/chateautoursthonore.dev2pub.com\/wp-content\/uploads\/2026\/02\/tsh-rose-detoure-scaled.webp","datePublished":"2026-02-25T22:51:32+00:00","dateModified":"2026-03-20T13:11:58+00:00","breadcrumb":{"@id":"https:\/\/chateautoursthonore.dev2pub.com\/index.php\/product\/tsh-rose-2025\/#breadcrumb"},"inLanguage":"fr-FR","potentialAction":[{"@type":"ReadAction","target":["https:\/\/chateautoursthonore.dev2pub.com\/index.php\/product\/tsh-rose-2025\/"]}]},{"@type":"ImageObject","inLanguage":"fr-FR","@id":"https:\/\/chateautoursthonore.dev2pub.com\/index.php\/product\/tsh-rose-2025\/#primaryimage","url":"https:\/\/chateautoursthonore.dev2pub.com\/wp-content\/uploads\/2026\/02\/tsh-rose-detoure-scaled.webp","contentUrl":"https:\/\/chateautoursthonore.dev2pub.com\/wp-content\/uploads\/2026\/02\/tsh-rose-detoure-scaled.webp","width":717,"height":2000,"caption":"TSH ROSE D\u00e9tour\u00e9"},{"@type":"BreadcrumbList","@id":"https:\/\/chateautoursthonore.dev2pub.com\/index.php\/product\/tsh-rose-2025\/#breadcrumb","itemListElement":[{"@type":"ListItem","position":1,"name":"Home","item":"https:\/\/chateautoursthonore.dev2pub.com\/"},{"@type":"ListItem","position":2,"name":"Boutique","item":"https:\/\/chateautoursthonore.dev2pub.com\/index.php\/boutique\/"},{"@type":"ListItem","position":3,"name":"TSH ROSE"}]},{"@type":"WebSite","@id":"https:\/\/chateautoursthonore.dev2pub.com\/#website","url":"https:\/\/chateautoursthonore.dev2pub.com\/","name":"Ch\u00e2teau Tour Saint Honor\u00e9","description":"","publisher":{"@id":"https:\/\/chateautoursthonore.dev2pub.com\/#organization"},"potentialAction":[{"@type":"SearchAction","target":{"@type":"EntryPoint","urlTemplate":"https:\/\/chateautoursthonore.dev2pub.com\/?s={search_term_string}"},"query-input":{"@type":"PropertyValueSpecification","valueRequired":true,"valueName":"search_term_string"}}],"inLanguage":"fr-FR"},{"@type":"Organization","@id":"https:\/\/chateautoursthonore.dev2pub.com\/#organization","name":"Ch\u00e2teau Tour Saint Honor\u00e9","url":"https:\/\/chateautoursthonore.dev2pub.com\/","logo":{"@type":"ImageObject","inLanguage":"fr-FR","@id":"https:\/\/chateautoursthonore.dev2pub.com\/#\/schema\/logo\/image\/","url":"https:\/\/chateautoursthonore.dev2pub.com\/wp-content\/uploads\/2026\/02\/cropped-cropped-ChatGPT-Image-20-fevr.-2026-08_09_22.png","contentUrl":"https:\/\/chateautoursthonore.dev2pub.com\/wp-content\/uploads\/2026\/02\/cropped-cropped-ChatGPT-Image-20-fevr.-2026-08_09_22.png","width":534,"height":325,"caption":"Ch\u00e2teau Tour Saint Honor\u00e9"},"image":{"@id":"https:\/\/chateautoursthonore.dev2pub.com\/#\/schema\/logo\/image\/"}}]}},"_links":{"self":[{"href":"https:\/\/chateautoursthonore.dev2pub.com\/index.php\/wp-json\/wp\/v2\/product\/342","targetHints":{"allow":["GET"]}}],"collection":[{"href":"https:\/\/chateautoursthonore.dev2pub.com\/index.php\/wp-json\/wp\/v2\/product"}],"about":[{"href":"https:\/\/chateautoursthonore.dev2pub.com\/index.php\/wp-json\/wp\/v2\/types\/product"}],"replies":[{"embeddable":true,"href":"https:\/\/chateautoursthonore.dev2pub.com\/index.php\/wp-json\/wp\/v2\/comments?post=342"}],"wp:featuredmedia":[{"embeddable":true,"href":"https:\/\/chateautoursthonore.dev2pub.com\/index.php\/wp-json\/wp\/v2\/media\/318"}],"wp:attachment":[{"href":"https:\/\/chateautoursthonore.dev2pub.com\/index.php\/wp-json\/wp\/v2\/media?parent=342"}],"wp:term":[{"taxonomy":"product_brand","embeddable":true,"href":"https:\/\/chateautoursthonore.dev2pub.com\/index.php\/wp-json\/wp\/v2\/product_brand?post=342"},{"taxonomy":"product_cat","embeddable":true,"href":"https:\/\/chateautoursthonore.dev2pub.com\/index.php\/wp-json\/wp\/v2\/product_cat?post=342"},{"taxonomy":"product_tag","embeddable":true,"href":"https:\/\/chateautoursthonore.dev2pub.com\/index.php\/wp-json\/wp\/v2\/product_tag?post=342"}],"curies":[{"name":"wp","href":"https:\/\/api.w.org\/{rel}","templated":true}]}}