{"id":356,"date":"2026-02-26T15:47:22","date_gmt":"2026-02-26T15:47:22","guid":{"rendered":"https:\/\/chateautoursthonore.dev2pub.com\/?post_type=product&#038;p=356"},"modified":"2026-03-20T10:44:21","modified_gmt":"2026-03-20T10:44:21","slug":"ha-cinsault","status":"publish","type":"product","link":"https:\/\/chateautoursthonore.dev2pub.com\/index.php\/product\/ha-cinsault\/","title":{"rendered":"HA Cinsault 2023"},"content":{"rendered":"","protected":false},"excerpt":{"rendered":"<p>Issu d\u2019un c\u00e9page traditionnellement d\u00e9di\u00e9 aux ros\u00e9s, ce 100 % Cinsault r\u00e9v\u00e8le ici toute sa singularit\u00e9 en vinification rouge. Le nez s\u2019ouvre sur des ar\u00f4mes gourmands de fruits rouges acidul\u00e9s, domin\u00e9s par la framboise, relev\u00e9s d\u2019une subtile touche \u00e9pic\u00e9e. En bouche, la structure se montre chaleureuse, soutenue par un bois\u00e9 d\u00e9licat et des notes de garrigue. Les tanins, fins et soyeux, offrent un ensemble harmonieux et plein de caract\u00e8re.<\/p>\n","protected":false},"featured_media":335,"comment_status":"open","ping_status":"closed","template":"","meta":{"_acf_changed":false},"product_brand":[],"product_cat":[24],"product_tag":[],"class_list":{"0":"post-356","1":"product","2":"type-product","3":"status-publish","4":"has-post-thumbnail","6":"product_cat-les-inatendues","8":"first","9":"instock","10":"shipping-taxable","11":"purchasable","12":"product-type-simple"},"acf":[],"yoast_head":"<!-- This site is optimized with the Yoast SEO plugin v27.4 - https:\/\/yoast.com\/product\/yoast-seo-wordpress\/ -->\n<title>HA Cinsault 2023 - Ch\u00e2teau Tour Saint Honor\u00e9<\/title>\n<meta name=\"robots\" content=\"index, follow, max-snippet:-1, max-image-preview:large, max-video-preview:-1\" \/>\n<link rel=\"canonical\" href=\"https:\/\/chateautoursthonore.dev2pub.com\/index.php\/product\/ha-cinsault\/\" \/>\n<meta property=\"og:locale\" content=\"fr_FR\" \/>\n<meta property=\"og:type\" content=\"article\" \/>\n<meta property=\"og:title\" content=\"HA Cinsault 2023 - Ch\u00e2teau Tour Saint Honor\u00e9\" \/>\n<meta property=\"og:description\" content=\"Issu d\u2019un c\u00e9page traditionnellement d\u00e9di\u00e9 aux ros\u00e9s, ce 100 % Cinsault r\u00e9v\u00e8le ici toute sa singularit\u00e9 en vinification rouge. Le nez s\u2019ouvre sur des ar\u00f4mes gourmands de fruits rouges acidul\u00e9s, domin\u00e9s par la framboise, relev\u00e9s d\u2019une subtile touche \u00e9pic\u00e9e. En bouche, la structure se montre chaleureuse, soutenue par un bois\u00e9 d\u00e9licat et des notes de garrigue. Les tanins, fins et soyeux, offrent un ensemble harmonieux et plein de caract\u00e8re.\" \/>\n<meta property=\"og:url\" content=\"https:\/\/chateautoursthonore.dev2pub.com\/index.php\/product\/ha-cinsault\/\" \/>\n<meta property=\"og:site_name\" content=\"Ch\u00e2teau Tour Saint Honor\u00e9\" \/>\n<meta property=\"article:modified_time\" content=\"2026-03-20T10:44:21+00:00\" \/>\n<meta property=\"og:image\" content=\"https:\/\/chateautoursthonore.dev2pub.com\/wp-content\/uploads\/2026\/02\/ha-rouge-321-0453-detoure-scaled.webp\" \/>\n\t<meta property=\"og:image:width\" content=\"911\" \/>\n\t<meta property=\"og:image:height\" content=\"2000\" \/>\n\t<meta property=\"og:image:type\" content=\"image\/webp\" \/>\n<meta name=\"twitter:card\" content=\"summary_large_image\" \/>\n<meta name=\"twitter:label1\" content=\"Dur\u00e9e de lecture estim\u00e9e\" \/>\n\t<meta name=\"twitter:data1\" content=\"1 minute\" \/>\n<script type=\"application\/ld+json\" class=\"yoast-schema-graph\">{\"@context\":\"https:\\\/\\\/schema.org\",\"@graph\":[{\"@type\":\"WebPage\",\"@id\":\"https:\\\/\\\/chateautoursthonore.dev2pub.com\\\/index.php\\\/product\\\/ha-cinsault\\\/\",\"url\":\"https:\\\/\\\/chateautoursthonore.dev2pub.com\\\/index.php\\\/product\\\/ha-cinsault\\\/\",\"name\":\"HA Cinsault 2023 - Ch\u00e2teau Tour Saint Honor\u00e9\",\"isPartOf\":{\"@id\":\"https:\\\/\\\/chateautoursthonore.dev2pub.com\\\/#website\"},\"primaryImageOfPage\":{\"@id\":\"https:\\\/\\\/chateautoursthonore.dev2pub.com\\\/index.php\\\/product\\\/ha-cinsault\\\/#primaryimage\"},\"image\":{\"@id\":\"https:\\\/\\\/chateautoursthonore.dev2pub.com\\\/index.php\\\/product\\\/ha-cinsault\\\/#primaryimage\"},\"thumbnailUrl\":\"https:\\\/\\\/chateautoursthonore.dev2pub.com\\\/wp-content\\\/uploads\\\/2026\\\/02\\\/ha-rouge-321-0453-detoure-scaled.webp\",\"datePublished\":\"2026-02-26T15:47:22+00:00\",\"dateModified\":\"2026-03-20T10:44:21+00:00\",\"breadcrumb\":{\"@id\":\"https:\\\/\\\/chateautoursthonore.dev2pub.com\\\/index.php\\\/product\\\/ha-cinsault\\\/#breadcrumb\"},\"inLanguage\":\"fr-FR\",\"potentialAction\":[{\"@type\":\"ReadAction\",\"target\":[\"https:\\\/\\\/chateautoursthonore.dev2pub.com\\\/index.php\\\/product\\\/ha-cinsault\\\/\"]}]},{\"@type\":\"ImageObject\",\"inLanguage\":\"fr-FR\",\"@id\":\"https:\\\/\\\/chateautoursthonore.dev2pub.com\\\/index.php\\\/product\\\/ha-cinsault\\\/#primaryimage\",\"url\":\"https:\\\/\\\/chateautoursthonore.dev2pub.com\\\/wp-content\\\/uploads\\\/2026\\\/02\\\/ha-rouge-321-0453-detoure-scaled.webp\",\"contentUrl\":\"https:\\\/\\\/chateautoursthonore.dev2pub.com\\\/wp-content\\\/uploads\\\/2026\\\/02\\\/ha-rouge-321-0453-detoure-scaled.webp\",\"width\":911,\"height\":2000,\"caption\":\"HA ROUGE 321-0453 Detoure\"},{\"@type\":\"BreadcrumbList\",\"@id\":\"https:\\\/\\\/chateautoursthonore.dev2pub.com\\\/index.php\\\/product\\\/ha-cinsault\\\/#breadcrumb\",\"itemListElement\":[{\"@type\":\"ListItem\",\"position\":1,\"name\":\"Home\",\"item\":\"https:\\\/\\\/chateautoursthonore.dev2pub.com\\\/\"},{\"@type\":\"ListItem\",\"position\":2,\"name\":\"Boutique\",\"item\":\"https:\\\/\\\/chateautoursthonore.dev2pub.com\\\/index.php\\\/boutique\\\/\"},{\"@type\":\"ListItem\",\"position\":3,\"name\":\"HA Cinsault 2023\"}]},{\"@type\":\"WebSite\",\"@id\":\"https:\\\/\\\/chateautoursthonore.dev2pub.com\\\/#website\",\"url\":\"https:\\\/\\\/chateautoursthonore.dev2pub.com\\\/\",\"name\":\"Ch\u00e2teau Tour Saint Honor\u00e9\",\"description\":\"\",\"publisher\":{\"@id\":\"https:\\\/\\\/chateautoursthonore.dev2pub.com\\\/#organization\"},\"potentialAction\":[{\"@type\":\"SearchAction\",\"target\":{\"@type\":\"EntryPoint\",\"urlTemplate\":\"https:\\\/\\\/chateautoursthonore.dev2pub.com\\\/?s={search_term_string}\"},\"query-input\":{\"@type\":\"PropertyValueSpecification\",\"valueRequired\":true,\"valueName\":\"search_term_string\"}}],\"inLanguage\":\"fr-FR\"},{\"@type\":\"Organization\",\"@id\":\"https:\\\/\\\/chateautoursthonore.dev2pub.com\\\/#organization\",\"name\":\"Ch\u00e2teau Tour Saint Honor\u00e9\",\"url\":\"https:\\\/\\\/chateautoursthonore.dev2pub.com\\\/\",\"logo\":{\"@type\":\"ImageObject\",\"inLanguage\":\"fr-FR\",\"@id\":\"https:\\\/\\\/chateautoursthonore.dev2pub.com\\\/#\\\/schema\\\/logo\\\/image\\\/\",\"url\":\"https:\\\/\\\/chateautoursthonore.dev2pub.com\\\/wp-content\\\/uploads\\\/2026\\\/02\\\/cropped-cropped-ChatGPT-Image-20-fevr.-2026-08_09_22.png\",\"contentUrl\":\"https:\\\/\\\/chateautoursthonore.dev2pub.com\\\/wp-content\\\/uploads\\\/2026\\\/02\\\/cropped-cropped-ChatGPT-Image-20-fevr.-2026-08_09_22.png\",\"width\":534,\"height\":325,\"caption\":\"Ch\u00e2teau Tour Saint Honor\u00e9\"},\"image\":{\"@id\":\"https:\\\/\\\/chateautoursthonore.dev2pub.com\\\/#\\\/schema\\\/logo\\\/image\\\/\"}}]}<\/script>\n<!-- \/ Yoast SEO plugin. -->","yoast_head_json":{"title":"HA Cinsault 2023 - Ch\u00e2teau Tour Saint Honor\u00e9","robots":{"index":"index","follow":"follow","max-snippet":"max-snippet:-1","max-image-preview":"max-image-preview:large","max-video-preview":"max-video-preview:-1"},"canonical":"https:\/\/chateautoursthonore.dev2pub.com\/index.php\/product\/ha-cinsault\/","og_locale":"fr_FR","og_type":"article","og_title":"HA Cinsault 2023 - Ch\u00e2teau Tour Saint Honor\u00e9","og_description":"Issu d\u2019un c\u00e9page traditionnellement d\u00e9di\u00e9 aux ros\u00e9s, ce 100 % Cinsault r\u00e9v\u00e8le ici toute sa singularit\u00e9 en vinification rouge. Le nez s\u2019ouvre sur des ar\u00f4mes gourmands de fruits rouges acidul\u00e9s, domin\u00e9s par la framboise, relev\u00e9s d\u2019une subtile touche \u00e9pic\u00e9e. En bouche, la structure se montre chaleureuse, soutenue par un bois\u00e9 d\u00e9licat et des notes de garrigue. Les tanins, fins et soyeux, offrent un ensemble harmonieux et plein de caract\u00e8re.","og_url":"https:\/\/chateautoursthonore.dev2pub.com\/index.php\/product\/ha-cinsault\/","og_site_name":"Ch\u00e2teau Tour Saint Honor\u00e9","article_modified_time":"2026-03-20T10:44:21+00:00","og_image":[{"width":911,"height":2000,"url":"https:\/\/chateautoursthonore.dev2pub.com\/wp-content\/uploads\/2026\/02\/ha-rouge-321-0453-detoure-scaled.webp","type":"image\/webp"}],"twitter_card":"summary_large_image","twitter_misc":{"Dur\u00e9e de lecture estim\u00e9e":"1 minute"},"schema":{"@context":"https:\/\/schema.org","@graph":[{"@type":"WebPage","@id":"https:\/\/chateautoursthonore.dev2pub.com\/index.php\/product\/ha-cinsault\/","url":"https:\/\/chateautoursthonore.dev2pub.com\/index.php\/product\/ha-cinsault\/","name":"HA Cinsault 2023 - Ch\u00e2teau Tour Saint Honor\u00e9","isPartOf":{"@id":"https:\/\/chateautoursthonore.dev2pub.com\/#website"},"primaryImageOfPage":{"@id":"https:\/\/chateautoursthonore.dev2pub.com\/index.php\/product\/ha-cinsault\/#primaryimage"},"image":{"@id":"https:\/\/chateautoursthonore.dev2pub.com\/index.php\/product\/ha-cinsault\/#primaryimage"},"thumbnailUrl":"https:\/\/chateautoursthonore.dev2pub.com\/wp-content\/uploads\/2026\/02\/ha-rouge-321-0453-detoure-scaled.webp","datePublished":"2026-02-26T15:47:22+00:00","dateModified":"2026-03-20T10:44:21+00:00","breadcrumb":{"@id":"https:\/\/chateautoursthonore.dev2pub.com\/index.php\/product\/ha-cinsault\/#breadcrumb"},"inLanguage":"fr-FR","potentialAction":[{"@type":"ReadAction","target":["https:\/\/chateautoursthonore.dev2pub.com\/index.php\/product\/ha-cinsault\/"]}]},{"@type":"ImageObject","inLanguage":"fr-FR","@id":"https:\/\/chateautoursthonore.dev2pub.com\/index.php\/product\/ha-cinsault\/#primaryimage","url":"https:\/\/chateautoursthonore.dev2pub.com\/wp-content\/uploads\/2026\/02\/ha-rouge-321-0453-detoure-scaled.webp","contentUrl":"https:\/\/chateautoursthonore.dev2pub.com\/wp-content\/uploads\/2026\/02\/ha-rouge-321-0453-detoure-scaled.webp","width":911,"height":2000,"caption":"HA ROUGE 321-0453 Detoure"},{"@type":"BreadcrumbList","@id":"https:\/\/chateautoursthonore.dev2pub.com\/index.php\/product\/ha-cinsault\/#breadcrumb","itemListElement":[{"@type":"ListItem","position":1,"name":"Home","item":"https:\/\/chateautoursthonore.dev2pub.com\/"},{"@type":"ListItem","position":2,"name":"Boutique","item":"https:\/\/chateautoursthonore.dev2pub.com\/index.php\/boutique\/"},{"@type":"ListItem","position":3,"name":"HA Cinsault 2023"}]},{"@type":"WebSite","@id":"https:\/\/chateautoursthonore.dev2pub.com\/#website","url":"https:\/\/chateautoursthonore.dev2pub.com\/","name":"Ch\u00e2teau Tour Saint Honor\u00e9","description":"","publisher":{"@id":"https:\/\/chateautoursthonore.dev2pub.com\/#organization"},"potentialAction":[{"@type":"SearchAction","target":{"@type":"EntryPoint","urlTemplate":"https:\/\/chateautoursthonore.dev2pub.com\/?s={search_term_string}"},"query-input":{"@type":"PropertyValueSpecification","valueRequired":true,"valueName":"search_term_string"}}],"inLanguage":"fr-FR"},{"@type":"Organization","@id":"https:\/\/chateautoursthonore.dev2pub.com\/#organization","name":"Ch\u00e2teau Tour Saint Honor\u00e9","url":"https:\/\/chateautoursthonore.dev2pub.com\/","logo":{"@type":"ImageObject","inLanguage":"fr-FR","@id":"https:\/\/chateautoursthonore.dev2pub.com\/#\/schema\/logo\/image\/","url":"https:\/\/chateautoursthonore.dev2pub.com\/wp-content\/uploads\/2026\/02\/cropped-cropped-ChatGPT-Image-20-fevr.-2026-08_09_22.png","contentUrl":"https:\/\/chateautoursthonore.dev2pub.com\/wp-content\/uploads\/2026\/02\/cropped-cropped-ChatGPT-Image-20-fevr.-2026-08_09_22.png","width":534,"height":325,"caption":"Ch\u00e2teau Tour Saint Honor\u00e9"},"image":{"@id":"https:\/\/chateautoursthonore.dev2pub.com\/#\/schema\/logo\/image\/"}}]}},"_links":{"self":[{"href":"https:\/\/chateautoursthonore.dev2pub.com\/index.php\/wp-json\/wp\/v2\/product\/356","targetHints":{"allow":["GET"]}}],"collection":[{"href":"https:\/\/chateautoursthonore.dev2pub.com\/index.php\/wp-json\/wp\/v2\/product"}],"about":[{"href":"https:\/\/chateautoursthonore.dev2pub.com\/index.php\/wp-json\/wp\/v2\/types\/product"}],"replies":[{"embeddable":true,"href":"https:\/\/chateautoursthonore.dev2pub.com\/index.php\/wp-json\/wp\/v2\/comments?post=356"}],"wp:featuredmedia":[{"embeddable":true,"href":"https:\/\/chateautoursthonore.dev2pub.com\/index.php\/wp-json\/wp\/v2\/media\/335"}],"wp:attachment":[{"href":"https:\/\/chateautoursthonore.dev2pub.com\/index.php\/wp-json\/wp\/v2\/media?parent=356"}],"wp:term":[{"taxonomy":"product_brand","embeddable":true,"href":"https:\/\/chateautoursthonore.dev2pub.com\/index.php\/wp-json\/wp\/v2\/product_brand?post=356"},{"taxonomy":"product_cat","embeddable":true,"href":"https:\/\/chateautoursthonore.dev2pub.com\/index.php\/wp-json\/wp\/v2\/product_cat?post=356"},{"taxonomy":"product_tag","embeddable":true,"href":"https:\/\/chateautoursthonore.dev2pub.com\/index.php\/wp-json\/wp\/v2\/product_tag?post=356"}],"curies":[{"name":"wp","href":"https:\/\/api.w.org\/{rel}","templated":true}]}}